{"id":1635,"date":"2016-10-27T10:52:06","date_gmt":"2016-10-27T08:52:06","guid":{"rendered":"https:\/\/www.feriendorf-waldbrunn.de\/en\/?page_id=1635"},"modified":"2025-03-20T14:35:05","modified_gmt":"2025-03-20T13:35:05","slug":"house-request","status":"publish","type":"page","link":"https:\/\/www.feriendorf-waldbrunn.de\/en\/house-request\/","title":{"rendered":"House Request"},"content":{"rendered":"<div class=\"fusion-fullwidth fullwidth-box fusion-builder-row-1 nonhundred-percent-fullwidth non-hundred-percent-height-scrolling\" style=\"--awb-background-position:left top;--awb-border-radius-top-left:0px;--awb-border-radius-top-right:0px;--awb-border-radius-bottom-right:0px;--awb-border-radius-bottom-left:0px;--awb-padding-top:20px;--awb-padding-bottom:20px;--awb-border-sizes-top:0px;--awb-border-sizes-bottom:0px;--awb-flex-wrap:wrap;\" ><div class=\"fusion-builder-row fusion-row\"><div class=\"fusion-layout-column fusion_builder_column fusion-builder-column-0 fusion_builder_column_1_2 1_2 fusion-one-half fusion-column-first\" style=\"--awb-bg-size:cover;width:48%; margin-right: 4%;\"><div class=\"fusion-column-wrapper fusion-flex-column-wrapper-legacy\"><div class=\"fusion-title title fusion-title-1 fusion-title-text fusion-title-size-one\" style=\"--awb-margin-top-small:0px;--awb-margin-right-small:0px;--awb-margin-bottom-small:20px;--awb-margin-left-small:0px;\"><h1 class=\"fusion-title-heading title-heading-left\" style=\"margin:0;\"><pre id=\"tw-target-text\" class=\"tw-data-text tw-text-large tw-ta\" dir=\"ltr\" data-placeholder=\"\u00dcbersetzung\"><span class=\"Y2IQFc\" lang=\"en\">request form<\/span><\/pre><\/h1><span class=\"awb-title-spacer\"><\/span><div class=\"title-sep-container\"><div class=\"title-sep sep-double sep-solid\" style=\"border-color:#e0dede;\"><\/div><\/div><\/div>\n<div class=\"wpcf7 no-js\" id=\"wpcf7-f6-o1\" lang=\"de-DE\" dir=\"ltr\" data-wpcf7-id=\"6\">\n<div class=\"screen-reader-response\"><p role=\"status\" aria-live=\"polite\" aria-atomic=\"true\"><\/p> <ul><\/ul><\/div>\n<form action=\"\/en\/wp-json\/wp\/v2\/pages\/1635#wpcf7-f6-o1\" method=\"post\" class=\"wpcf7-form init\" aria-label=\"Kontaktformular\" novalidate=\"novalidate\" data-status=\"init\">\n<fieldset class=\"hidden-fields-container\"><input type=\"hidden\" name=\"_wpcf7\" value=\"6\" \/><input type=\"hidden\" name=\"_wpcf7_version\" value=\"6.1.5\" \/><input type=\"hidden\" name=\"_wpcf7_locale\" value=\"de_DE\" \/><input type=\"hidden\" name=\"_wpcf7_unit_tag\" value=\"wpcf7-f6-o1\" \/><input type=\"hidden\" name=\"_wpcf7_container_post\" value=\"0\" \/><input type=\"hidden\" name=\"_wpcf7_posted_data_hash\" value=\"\" \/>\n<\/fieldset>\n<table width=\"100%\" border=\"0\" cellspacing=\"20\" cellpadding=\"5\">\n\t<tbody>\n\t\t<tr>\n\t\t\t<td>\n\t\t\t\t<p>Name*<br \/>\n<span class=\"wpcf7-form-control-wrap\" data-name=\"last-name\"><input size=\"40\" maxlength=\"400\" class=\"wpcf7-form-control wpcf7-text wpcf7-validates-as-required\" aria-required=\"true\" aria-invalid=\"false\" value=\"\" type=\"text\" name=\"last-name\" \/><\/span>\n\t\t\t\t<\/p>\n\t\t\t<\/td>\n\t\t\t<td>\n\t\t\t\t<p>Vorname*<br \/>\n<span class=\"wpcf7-form-control-wrap\" data-name=\"first-name\"><input size=\"40\" maxlength=\"400\" class=\"wpcf7-form-control wpcf7-text wpcf7-validates-as-required\" aria-required=\"true\" aria-invalid=\"false\" value=\"\" type=\"text\" name=\"first-name\" \/><\/span>\n\t\t\t\t<\/p>\n\t\t\t<\/td>\n\t\t<\/tr>\n\t\t<tr>\n\t\t\t<td>\n\t\t\t\t<p>E-Mail*<br \/>\n<span class=\"wpcf7-form-control-wrap\" data-name=\"customer-email\"><input size=\"40\" maxlength=\"400\" class=\"wpcf7-form-control wpcf7-email wpcf7-validates-as-required wpcf7-text wpcf7-validates-as-email\" aria-required=\"true\" aria-invalid=\"false\" value=\"\" type=\"email\" name=\"customer-email\" \/><\/span>\n\t\t\t\t<\/p>\n\t\t\t<\/td>\n\t\t\t<td>\n\t\t\t\t<p>Telefon<br \/>\n<span class=\"wpcf7-form-control-wrap\" data-name=\"telephone\"><input size=\"40\" maxlength=\"400\" class=\"wpcf7-form-control wpcf7-tel wpcf7-text wpcf7-validates-as-tel\" aria-invalid=\"false\" value=\"\" type=\"tel\" name=\"telephone\" \/><\/span>\n\t\t\t\t<\/p>\n\t\t\t<\/td>\n\t\t<\/tr>\n\t\t<tr>\n\t\t\t<td colspan=\"2\">\n\t\t\t\t<p>Stra\u00dfe und Hausnummer*<br \/>\n<span class=\"wpcf7-form-control-wrap\" data-name=\"Adresse\"><input size=\"40\" maxlength=\"400\" class=\"wpcf7-form-control wpcf7-text wpcf7-validates-as-required\" aria-required=\"true\" aria-invalid=\"false\" value=\"\" type=\"text\" name=\"Adresse\" \/><\/span>\n\t\t\t\t<\/p>\n\t\t\t<\/td>\n\t\t<\/tr>\n\t\t<tr>\n\t\t\t<td>\n\t\t\t\t<p>PLZ*<br \/>\n<span class=\"wpcf7-form-control-wrap\" data-name=\"PLZ\"><input size=\"40\" maxlength=\"400\" class=\"wpcf7-form-control wpcf7-text wpcf7-validates-as-required\" aria-required=\"true\" aria-invalid=\"false\" value=\"\" type=\"text\" name=\"PLZ\" \/><\/span>\n\t\t\t\t<\/p>\n\t\t\t<\/td>\n\t\t\t<td>\n\t\t\t\t<p>Ort*<br \/>\n<span class=\"wpcf7-form-control-wrap\" data-name=\"Ort\"><input size=\"40\" maxlength=\"400\" class=\"wpcf7-form-control wpcf7-text wpcf7-validates-as-required\" aria-required=\"true\" aria-invalid=\"false\" value=\"\" type=\"text\" name=\"Ort\" \/><\/span>\n\t\t\t\t<\/p>\n\t\t\t<\/td>\n\t\t<\/tr>\n\t\t<tr>\n\t\t\t<td colspan=\"2\">\n\t\t\t\t<p>Land<br \/>\n<span class=\"wpcf7-form-control-wrap\" data-name=\"Land\"><input size=\"40\" maxlength=\"400\" class=\"wpcf7-form-control wpcf7-text\" aria-invalid=\"false\" value=\"\" type=\"text\" name=\"Land\" \/><\/span>\n\t\t\t\t<\/p>\n\t\t\t<\/td>\n\t\t<\/tr>\n\t\t<tr>\n\t\t\t<td>\n\t\t\t\t<p>Anreise<br \/>\n<span class=\"wpcf7-form-control-wrap\" data-name=\"date-cal-1\"><input class=\"wpcf7-form-control wpcf7-date wpcf7-validates-as-date\" aria-invalid=\"false\" value=\"\" type=\"date\" name=\"date-cal-1\" \/><\/span>\n\t\t\t\t<\/p>\n\t\t\t<\/td>\n\t\t\t<td>\n\t\t\t\t<p>Abreise<br \/>\n<span class=\"wpcf7-form-control-wrap\" data-name=\"date-cal-2\"><input class=\"wpcf7-form-control wpcf7-date wpcf7-validates-as-date\" aria-invalid=\"false\" value=\"\" type=\"date\" name=\"date-cal-2\" \/><\/span>\n\t\t\t\t<\/p>\n\t\t\t<\/td>\n\t\t<\/tr>\n\t<\/tbody>\n<\/table>\n<table width=\"100%\" border=\"0\" cellspacing=\"20\" cellpadding=\"5\">\n\t<tbody>\n\t\t<tr>\n\t\t\t<td width=\"20%\" align=\"center\" valign=\"middle\">\n\t\t\t\t<p>Erwachsene\n\t\t\t\t<\/p>\n\t\t\t<\/td>\n\t\t\t<td width=\"20%\">\n\t\t\t\t<p><span class=\"wpcf7-form-control-wrap\" data-name=\"number-adult\"><input class=\"wpcf7-form-control wpcf7-number wpcf7-validates-as-number\" min=\"1\" aria-invalid=\"false\" value=\"\" type=\"number\" name=\"number-adult\" \/><\/span>\n\t\t\t\t<\/p>\n\t\t\t<\/td>\n\t\t\t<td width=\"20%\" align=\"center\" valign=\"middle\">\n\t\t\t\t<p>Kinder\n\t\t\t\t<\/p>\n\t\t\t<\/td>\n\t\t\t<td width=\"20%\">\n\t\t\t\t<p><span class=\"wpcf7-form-control-wrap\" data-name=\"number-child\"><input class=\"wpcf7-form-control wpcf7-number wpcf7-validates-as-number\" min=\"0\" aria-invalid=\"false\" value=\"\" type=\"number\" name=\"number-child\" \/><\/span>\n\t\t\t\t<\/p>\n\t\t\t<\/td>\n\t\t\t<td align=\"center\" valign=\"middle\" class=\"hint--right\" data-hint=\"5,00\u20ac\/ Tag\">\n\t\t\t\t<p><span class=\"wpcf7-form-control-wrap\" data-name=\"checkbox-pet\"><span class=\"wpcf7-form-control wpcf7-checkbox\"><span class=\"wpcf7-list-item first last\"><span class=\"wpcf7-list-item-label\">Haustier<\/span><input type=\"checkbox\" name=\"checkbox-pet[]\" value=\"Haustier\" \/><\/span><\/span><\/span>\n\t\t\t\t<\/p>\n\t\t\t<\/td>\n\t\t<\/tr>\n\t<\/tbody>\n<\/table>\n<table width=\"100%\" border=\"0\" cellspacing=\"20\" cellpadding=\"5\">\n\t<tbody>\n\t\t<tr>\n\t\t\t<td>\n\t\t\t\t<div>\n\t\t\t\t\t<div>\n\t\t\t\t\t\t<p>Sie waren schon Gast bei uns?\n\t\t\t\t\t\t<\/p>\n\t\t\t\t\t\t<div role=\"tooltip\" id=\"tooltipID-2\" class=\"tooltip-content\">\n\t\t\t\t\t\t\t<p>Kundennummer <span class=\"wpcf7-form-control-wrap\" data-name=\"text-customer-nr\"><input size=\"40\" maxlength=\"400\" class=\"wpcf7-form-control wpcf7-text\" aria-invalid=\"false\" value=\"\" type=\"text\" name=\"text-customer-nr\" \/><\/span>\n\t\t\t\t\t\t\t<\/p>\n\t\t\t\t\t\t<\/div>\n\t\t\t\t\t<\/div>\n\t\t\t\t\t<p>Ihre Nachricht<br \/>\n<span class=\"wpcf7-form-control-wrap\" data-name=\"message-text\"><textarea cols=\"40\" rows=\"10\" maxlength=\"2000\" class=\"wpcf7-form-control wpcf7-textarea\" aria-invalid=\"false\" name=\"message-text\"><\/textarea><\/span>\n\t\t\t\t\t<\/p>\n\t\t\t\t\t<p>Wenn Sie die im Kontaktformular eingegebenen Daten durch Klick auf den nachfolgenden Button \u00fcbersenden, erkl\u00e4ren Sie sich damit einverstanden, dass wir Ihre Angaben f\u00fcr die Beantwortung Ihrer Anfrage bzw. Kontaktaufnahme verwenden. Eine Weitergabe an Dritte findet grunds\u00e4tzlich nicht statt, es sei denn geltende Datenschutzvorschriften rechtfertigen eine \u00dcbertragung oder wir dazu gesetzlich verpflichtet sind. Sie k\u00f6nnen Ihre erteilte Einwilligung jederzeit mit Wirkung f\u00fcr die Zukunft widerrufen. Im Falle des Widerrufs werden Ihre Daten umgehend gel\u00f6scht.\n\t\t\t\t\t<\/p>\n\t\t\t\t\t<p><span class=\"wpcf7-form-control-wrap\" data-name=\"acceptance-291\"><span class=\"wpcf7-form-control wpcf7-acceptance\"><span class=\"wpcf7-list-item\"><label><input type=\"checkbox\" name=\"acceptance-291\" value=\"1\" aria-invalid=\"false\" \/><span class=\"wpcf7-list-item-label\"><a href=\"https:\/\/www.feriendorf-waldbrunn.de\/datenschutz\/\" target=\"_blank\">Datenschutzerkl\u00e4rung<\/a> zur Kenntnis genommen.<\/span><\/label><\/span><\/span><\/span>\n\t\t\t\t\t<\/p>\n\t\t\t\t\t<p><input class=\"wpcf7-form-control wpcf7-submit has-spinner\" type=\"submit\" value=\"Senden\" \/>\n\t\t\t\t\t<\/p>\n\t\t\t\t<\/div>\n\t\t\t<\/td>\n\t\t<\/tr>\n\t<\/tbody>\n<\/table><div class=\"fusion-alert alert custom alert-custom fusion-alert-center wpcf7-response-output fusion-alert-capitalize awb-alert-native-link-color alert-dismissable awb-alert-close-boxed\" style=\"--awb-border-size:1px;--awb-border-top-left-radius:0px;--awb-border-top-right-radius:0px;--awb-border-bottom-left-radius:0px;--awb-border-bottom-right-radius:0px;\" role=\"alert\"><div class=\"fusion-alert-content-wrapper\"><span class=\"fusion-alert-content\"><\/span><\/div><button type=\"button\" class=\"close toggle-alert\" data-dismiss=\"alert\" aria-label=\"Close\">&times;<\/button><\/div>\n<\/form>\n<\/div>\n<div class=\"fusion-clearfix\"><\/div><\/div><\/div><div class=\"fusion-layout-column fusion_builder_column fusion-builder-column-1 fusion_builder_column_1_2 1_2 fusion-one-half fusion-column-last\" style=\"--awb-bg-size:cover;width:48%;\"><div class=\"fusion-column-wrapper fusion-flex-column-wrapper-legacy\"><div class=\"fusion-title title fusion-title-2 fusion-title-text fusion-title-size-one\" style=\"--awb-margin-top-small:0px;--awb-margin-right-small:0px;--awb-margin-bottom-small:20px;--awb-margin-left-small:0px;\"><h1 class=\"fusion-title-heading title-heading-left\" style=\"margin:0;\">Team<\/h1><span class=\"awb-title-spacer\"><\/span><div class=\"title-sep-container\"><div class=\"title-sep sep-single sep-solid\" style=\"border-color:#e0dede;\"><\/div><\/div><\/div><div class=\"fusion-section-separator section-separator triangle fusion-section-separator-1\" style=\"--awb-border-bottom:1px solid #f6f6f6;--awb-spacer-height:1px;--awb-svg-margin-left:0;--awb-svg-margin-right:0;--awb-icon-color:#ffffff;\"><div class=\"fusion-section-separator-svg\"><div class=\"divider-candy-arrow bottom\" style=\"top:0px;border-top-color: #81d742;\"><\/div><div class=\"divider-candy bottom\" style=\"bottom:-21px;border-bottom:1px solid #f6f6f6;border-left:1px solid #f6f6f6;\"><\/div><\/div><div class=\"fusion-section-separator-spacer\"><div class=\"fusion-section-separator-spacer-height\"><\/div><\/div><\/div><div class=\"fusion-sep-clear\"><\/div><div class=\"fusion-separator fusion-full-width-sep\" style=\"margin-left: auto;margin-right: auto;margin-top:20px;margin-bottom:20px;width:100%;\"><\/div><div class=\"fusion-sep-clear\"><\/div><div class=\"fusion-text fusion-text-1\"><p>Gerne erstellen wir Ihnen ein ganz individuelles Angebot. Senden Sie uns bitte Ihre Anfrage,\u00a0 wir antworten Ihnen dann in K\u00fcrze. Bei Fragen rufen Sie uns gerne unter <strong>+49 (0) 6274 91090<\/strong>\u00a0an!<\/p>\n<\/div><div class=\"fusion-slider-sc fusion-flexslider-loading flexslider flexslider-hover-type-none fusion-slider-sc-cover\" data-slideshow_autoplay=\"1\" data-slideshow_smooth_height=\"0\" data-slideshow_speed=\"7000\" style=\"max-width:520px;height:500px;\"><ul class=\"slides\"><li class=\"image\"><span class=\"fusion-image-hover-element hover-type-none\"><img decoding=\"async\" src=\"https:\/\/www.feriendorf-waldbrunn.de\/wp-content\/uploads\/2022\/06\/IMG_6568.jpg\" width=\"1024\" height=\"682\" class=\"wp-image-2609\" srcset=\"https:\/\/www.feriendorf-waldbrunn.de\/wp-content\/uploads\/2022\/06\/IMG_6568-200x133.jpg 200w, https:\/\/www.feriendorf-waldbrunn.de\/wp-content\/uploads\/2022\/06\/IMG_6568-400x266.jpg 400w, https:\/\/www.feriendorf-waldbrunn.de\/wp-content\/uploads\/2022\/06\/IMG_6568-600x400.jpg 600w, https:\/\/www.feriendorf-waldbrunn.de\/wp-content\/uploads\/2022\/06\/IMG_6568-800x533.jpg 800w, https:\/\/www.feriendorf-waldbrunn.de\/wp-content\/uploads\/2022\/06\/IMG_6568.jpg 1024w\" sizes=\"(max-width: 800px) 100vw, 600px\" \/><\/span><\/li><li class=\"image\"><span class=\"fusion-image-hover-element hover-type-none\"><img decoding=\"async\" src=\"https:\/\/www.feriendorf-waldbrunn.de\/wp-content\/uploads\/2022\/06\/IMG_6617.jpg\" width=\"1024\" height=\"682\" class=\"wp-image-2611\" srcset=\"https:\/\/www.feriendorf-waldbrunn.de\/wp-content\/uploads\/2022\/06\/IMG_6617-200x133.jpg 200w, https:\/\/www.feriendorf-waldbrunn.de\/wp-content\/uploads\/2022\/06\/IMG_6617-400x266.jpg 400w, https:\/\/www.feriendorf-waldbrunn.de\/wp-content\/uploads\/2022\/06\/IMG_6617-600x400.jpg 600w, https:\/\/www.feriendorf-waldbrunn.de\/wp-content\/uploads\/2022\/06\/IMG_6617-800x533.jpg 800w, https:\/\/www.feriendorf-waldbrunn.de\/wp-content\/uploads\/2022\/06\/IMG_6617.jpg 1024w\" sizes=\"(max-width: 800px) 100vw, 600px\" \/><\/span><\/li><li class=\"image\"><span class=\"fusion-image-hover-element hover-type-none\"><img decoding=\"async\" src=\"https:\/\/www.feriendorf-waldbrunn.de\/wp-content\/uploads\/2024\/04\/IMG_6782-300x245.jpg\" width=\"300\" height=\"245\" class=\"wp-image-2999\" srcset=\"https:\/\/www.feriendorf-waldbrunn.de\/wp-content\/uploads\/2024\/04\/IMG_6782-200x163.jpg 200w, https:\/\/www.feriendorf-waldbrunn.de\/wp-content\/uploads\/2024\/04\/IMG_6782-400x327.jpg 400w, https:\/\/www.feriendorf-waldbrunn.de\/wp-content\/uploads\/2024\/04\/IMG_6782-600x490.jpg 600w, https:\/\/www.feriendorf-waldbrunn.de\/wp-content\/uploads\/2024\/04\/IMG_6782-800x654.jpg 800w, https:\/\/www.feriendorf-waldbrunn.de\/wp-content\/uploads\/2024\/04\/IMG_6782.jpg 1024w\" sizes=\"(max-width: 800px) 100vw, 600px\" \/><\/span><\/li><li class=\"image\"><span class=\"fusion-image-hover-element hover-type-none\"><img decoding=\"async\" src=\"https:\/\/www.feriendorf-waldbrunn.de\/wp-content\/uploads\/2022\/06\/Foto-Dennis-300x200.jpg\" width=\"300\" height=\"200\" class=\"wp-image-2607\" srcset=\"https:\/\/www.feriendorf-waldbrunn.de\/wp-content\/uploads\/2022\/06\/Foto-Dennis-200x133.jpg 200w, https:\/\/www.feriendorf-waldbrunn.de\/wp-content\/uploads\/2022\/06\/Foto-Dennis-400x266.jpg 400w, https:\/\/www.feriendorf-waldbrunn.de\/wp-content\/uploads\/2022\/06\/Foto-Dennis-600x400.jpg 600w, https:\/\/www.feriendorf-waldbrunn.de\/wp-content\/uploads\/2022\/06\/Foto-Dennis-800x533.jpg 800w, https:\/\/www.feriendorf-waldbrunn.de\/wp-content\/uploads\/2022\/06\/Foto-Dennis.jpg 1024w\" sizes=\"(max-width: 800px) 100vw, 600px\" \/><\/span><\/li><\/ul><\/div><div class=\"fusion-clearfix\"><\/div><\/div><\/div><\/div><\/div>\n","protected":false},"excerpt":{"rendered":"","protected":false},"author":5,"featured_media":0,"parent":0,"menu_order":0,"comment_status":"open","ping_status":"closed","template":"100-width.php","meta":{"footnotes":""},"class_list":["post-1635","page","type-page","status-publish","hentry"],"yoast_head":"<!-- This site is optimized with the Yoast SEO plugin v27.4 - https:\/\/yoast.com\/product\/yoast-seo-wordpress\/ -->\n<title>House Request | Feriendorf Waldbrunn<\/title>\n<meta name=\"robots\" content=\"index, follow, max-snippet:-1, max-image-preview:large, max-video-preview:-1\" \/>\n<link rel=\"canonical\" href=\"https:\/\/www.feriendorf-waldbrunn.de\/anfrageformular\/\" \/>\n<meta property=\"og:locale\" content=\"en_US\" \/>\n<meta property=\"og:type\" content=\"article\" \/>\n<meta property=\"og:title\" content=\"House Request | Feriendorf Waldbrunn\" \/>\n<meta property=\"og:url\" content=\"https:\/\/www.feriendorf-waldbrunn.de\/anfrageformular\/\" \/>\n<meta property=\"og:site_name\" content=\"Feriendorf Waldbrunn\" \/>\n<meta property=\"article:modified_time\" content=\"2025-03-20T13:35:05+00:00\" \/>\n<meta name=\"twitter:card\" content=\"summary_large_image\" \/>\n<meta name=\"twitter:label1\" content=\"Est. reading time\" \/>\n\t<meta name=\"twitter:data1\" content=\"2 minutes\" \/>\n<script type=\"application\/ld+json\" class=\"yoast-schema-graph\">{\"@context\":\"https:\\\/\\\/schema.org\",\"@graph\":[{\"@type\":\"WebPage\",\"@id\":\"https:\\\/\\\/www.feriendorf-waldbrunn.de\\\/anfrageformular\\\/\",\"url\":\"https:\\\/\\\/www.feriendorf-waldbrunn.de\\\/anfrageformular\\\/\",\"name\":\"House Request | Feriendorf Waldbrunn\",\"isPartOf\":{\"@id\":\"https:\\\/\\\/www.feriendorf-waldbrunn.de\\\/#website\"},\"datePublished\":\"2016-10-27T08:52:06+00:00\",\"dateModified\":\"2025-03-20T13:35:05+00:00\",\"breadcrumb\":{\"@id\":\"https:\\\/\\\/www.feriendorf-waldbrunn.de\\\/anfrageformular\\\/#breadcrumb\"},\"inLanguage\":\"en-US\",\"potentialAction\":[{\"@type\":\"ReadAction\",\"target\":[\"https:\\\/\\\/www.feriendorf-waldbrunn.de\\\/anfrageformular\\\/\"]}]},{\"@type\":\"BreadcrumbList\",\"@id\":\"https:\\\/\\\/www.feriendorf-waldbrunn.de\\\/anfrageformular\\\/#breadcrumb\",\"itemListElement\":[{\"@type\":\"ListItem\",\"position\":1,\"name\":\"Home\",\"item\":\"https:\\\/\\\/www.feriendorf-waldbrunn.de\\\/\"},{\"@type\":\"ListItem\",\"position\":2,\"name\":\"House Request\"}]},{\"@type\":\"WebSite\",\"@id\":\"https:\\\/\\\/www.feriendorf-waldbrunn.de\\\/#website\",\"url\":\"https:\\\/\\\/www.feriendorf-waldbrunn.de\\\/\",\"name\":\"Feriendorf Waldbrunn\",\"description\":\"Hier machen Ferien einfach Spa\u00df!\",\"publisher\":{\"@id\":\"https:\\\/\\\/www.feriendorf-waldbrunn.de\\\/#organization\"},\"potentialAction\":[{\"@type\":\"SearchAction\",\"target\":{\"@type\":\"EntryPoint\",\"urlTemplate\":\"https:\\\/\\\/www.feriendorf-waldbrunn.de\\\/?s={search_term_string}\"},\"query-input\":{\"@type\":\"PropertyValueSpecification\",\"valueRequired\":true,\"valueName\":\"search_term_string\"}}],\"inLanguage\":\"en-US\"},{\"@type\":\"Organization\",\"@id\":\"https:\\\/\\\/www.feriendorf-waldbrunn.de\\\/#organization\",\"name\":\"Das Feriendorf Waldbrunn GmbH\",\"url\":\"https:\\\/\\\/www.feriendorf-waldbrunn.de\\\/\",\"logo\":{\"@type\":\"ImageObject\",\"inLanguage\":\"en-US\",\"@id\":\"https:\\\/\\\/www.feriendorf-waldbrunn.de\\\/#\\\/schema\\\/logo\\\/image\\\/\",\"url\":\"https:\\\/\\\/www.feriendorf-waldbrunn.de\\\/wp-content\\\/uploads\\\/2015\\\/11\\\/Waldlogo-with-name_version-retina.png\",\"contentUrl\":\"https:\\\/\\\/www.feriendorf-waldbrunn.de\\\/wp-content\\\/uploads\\\/2015\\\/11\\\/Waldlogo-with-name_version-retina.png\",\"width\":400,\"height\":200,\"caption\":\"Das Feriendorf Waldbrunn GmbH\"},\"image\":{\"@id\":\"https:\\\/\\\/www.feriendorf-waldbrunn.de\\\/#\\\/schema\\\/logo\\\/image\\\/\"}}]}<\/script>\n<!-- \/ Yoast SEO plugin. -->","yoast_head_json":{"title":"House Request | Feriendorf Waldbrunn","robots":{"index":"index","follow":"follow","max-snippet":"max-snippet:-1","max-image-preview":"max-image-preview:large","max-video-preview":"max-video-preview:-1"},"canonical":"https:\/\/www.feriendorf-waldbrunn.de\/anfrageformular\/","og_locale":"en_US","og_type":"article","og_title":"House Request | Feriendorf Waldbrunn","og_url":"https:\/\/www.feriendorf-waldbrunn.de\/anfrageformular\/","og_site_name":"Feriendorf Waldbrunn","article_modified_time":"2025-03-20T13:35:05+00:00","twitter_card":"summary_large_image","twitter_misc":{"Est. reading time":"2 minutes"},"schema":{"@context":"https:\/\/schema.org","@graph":[{"@type":"WebPage","@id":"https:\/\/www.feriendorf-waldbrunn.de\/anfrageformular\/","url":"https:\/\/www.feriendorf-waldbrunn.de\/anfrageformular\/","name":"House Request | Feriendorf Waldbrunn","isPartOf":{"@id":"https:\/\/www.feriendorf-waldbrunn.de\/#website"},"datePublished":"2016-10-27T08:52:06+00:00","dateModified":"2025-03-20T13:35:05+00:00","breadcrumb":{"@id":"https:\/\/www.feriendorf-waldbrunn.de\/anfrageformular\/#breadcrumb"},"inLanguage":"en-US","potentialAction":[{"@type":"ReadAction","target":["https:\/\/www.feriendorf-waldbrunn.de\/anfrageformular\/"]}]},{"@type":"BreadcrumbList","@id":"https:\/\/www.feriendorf-waldbrunn.de\/anfrageformular\/#breadcrumb","itemListElement":[{"@type":"ListItem","position":1,"name":"Home","item":"https:\/\/www.feriendorf-waldbrunn.de\/"},{"@type":"ListItem","position":2,"name":"House Request"}]},{"@type":"WebSite","@id":"https:\/\/www.feriendorf-waldbrunn.de\/#website","url":"https:\/\/www.feriendorf-waldbrunn.de\/","name":"Feriendorf Waldbrunn","description":"Hier machen Ferien einfach Spa\u00df!","publisher":{"@id":"https:\/\/www.feriendorf-waldbrunn.de\/#organization"},"potentialAction":[{"@type":"SearchAction","target":{"@type":"EntryPoint","urlTemplate":"https:\/\/www.feriendorf-waldbrunn.de\/?s={search_term_string}"},"query-input":{"@type":"PropertyValueSpecification","valueRequired":true,"valueName":"search_term_string"}}],"inLanguage":"en-US"},{"@type":"Organization","@id":"https:\/\/www.feriendorf-waldbrunn.de\/#organization","name":"Das Feriendorf Waldbrunn GmbH","url":"https:\/\/www.feriendorf-waldbrunn.de\/","logo":{"@type":"ImageObject","inLanguage":"en-US","@id":"https:\/\/www.feriendorf-waldbrunn.de\/#\/schema\/logo\/image\/","url":"https:\/\/www.feriendorf-waldbrunn.de\/wp-content\/uploads\/2015\/11\/Waldlogo-with-name_version-retina.png","contentUrl":"https:\/\/www.feriendorf-waldbrunn.de\/wp-content\/uploads\/2015\/11\/Waldlogo-with-name_version-retina.png","width":400,"height":200,"caption":"Das Feriendorf Waldbrunn GmbH"},"image":{"@id":"https:\/\/www.feriendorf-waldbrunn.de\/#\/schema\/logo\/image\/"}}]}},"_links":{"self":[{"href":"https:\/\/www.feriendorf-waldbrunn.de\/en\/wp-json\/wp\/v2\/pages\/1635","targetHints":{"allow":["GET"]}}],"collection":[{"href":"https:\/\/www.feriendorf-waldbrunn.de\/en\/wp-json\/wp\/v2\/pages"}],"about":[{"href":"https:\/\/www.feriendorf-waldbrunn.de\/en\/wp-json\/wp\/v2\/types\/page"}],"author":[{"embeddable":true,"href":"https:\/\/www.feriendorf-waldbrunn.de\/en\/wp-json\/wp\/v2\/users\/5"}],"replies":[{"embeddable":true,"href":"https:\/\/www.feriendorf-waldbrunn.de\/en\/wp-json\/wp\/v2\/comments?post=1635"}],"version-history":[{"count":14,"href":"https:\/\/www.feriendorf-waldbrunn.de\/en\/wp-json\/wp\/v2\/pages\/1635\/revisions"}],"predecessor-version":[{"id":3245,"href":"https:\/\/www.feriendorf-waldbrunn.de\/en\/wp-json\/wp\/v2\/pages\/1635\/revisions\/3245"}],"wp:attachment":[{"href":"https:\/\/www.feriendorf-waldbrunn.de\/en\/wp-json\/wp\/v2\/media?parent=1635"}],"curies":[{"name":"wp","href":"https:\/\/api.w.org\/{rel}","templated":true}]}}